{"id":25,"date":"2023-07-12T09:29:13","date_gmt":"2023-07-12T01:29:13","guid":{"rendered":"https:\/\/charcoal-machinery.com\/?page_id=25"},"modified":"2023-07-17T17:50:03","modified_gmt":"2023-07-17T09:50:03","slug":"about-us","status":"publish","type":"page","link":"https:\/\/charcoal-machinery.com\/de\/about-us\/","title":{"rendered":"\u00dcber uns"},"content":{"rendered":"<p class=\"wp-block-paragraph\">Wir sind ein professionelles Unternehmen, das sich der Bereitstellung hochwertiger Dienstleistungen verschrieben hat. Im Laufe der Jahre haben wir uns auf den Bereich Holzkohlemaschinen spezialisiert und bieten unseren Kunden umfassende L\u00f6sungen und exzellenten Service. Unsere Dienstleistungen umfassen den Verkauf, die Anpassung, die Installation und Inbetriebnahme von Fl\u00fcssigkohlemaschinen sowie die Wartung nach dem Verkauf. Wir orientieren uns an den Kundenbed\u00fcrfnissen und legen stets Wert darauf, unseren Kunden die zufriedenstellendsten Produkte und Dienstleistungen anzubieten.<\/p>    <h2 class=\"wp-block-heading\"><strong>Shuliy Machinery: Hersteller und Lieferant von Holzkohlemaschinen<\/strong><\/h2>    <p class=\"wp-block-paragraph\">Wir sind eine professionelle Fabrik zur Herstellung von Holzkohlemaschinen. Mit langj\u00e4hriger Branchenerfahrung und Technologieakkumulation widmen wir uns der Erforschung, Entwicklung und Produktion hochwertiger Maschinenausr\u00fcstung f\u00fcr die Holzkohleherstellung.<\/p>    <p class=\"wp-block-paragraph\">Die Fabrik ist mit modernster Ausr\u00fcstung ausgestattet und der Produktionsprozess wird streng kontrolliert, um eine stabile und zuverl\u00e4ssige Produktqualit\u00e4t zu gew\u00e4hrleisten. Unsere Produkte werden in die ganze Welt exportiert und haben gro\u00dfes Vertrauen und Lob der Kunden gewonnen. Wir hei\u00dfen Sie herzlich willkommen, unsere Fabrik zu besuchen und freuen uns auf die Zusammenarbeit mit Ihnen, um eine gl\u00e4nzende Zukunft zu schaffen!<\/p>    <h2 class=\"wp-block-heading\"><strong>Kundendienst f\u00fcr Shuliy-Holzkohlemaschinen<\/strong><\/h2>    <p class=\"wp-block-paragraph\">Wir verf\u00fcgen \u00fcber ein professionelles technisches Team und ein ausgezeichnetes Kundendienstteam. Unsere Techniker verf\u00fcgen \u00fcber umfangreiche Erfahrung und Fachwissen und k\u00f6nnen unseren Kunden professionelle Beratung und technischen Support bieten. Unser Kundendienstteam ist rund um die Uhr online und reagiert rechtzeitig auf die Bed\u00fcrfnisse der Kunden, um den normalen Betrieb und die effiziente Produktion der Ger\u00e4te sicherzustellen.<\/p>    <h2 class=\"wp-block-heading\"><strong>Shuliy-Kunden-Fu\u00dfabdruck<\/strong><\/h2>    <p class=\"wp-block-paragraph\">Unsere Kunden sind auf der ganzen Welt, darunter Indonesien, Brasilien, USA, \u00c4thiopien, Uganda, Saudi-Arabien, Vietnam, Iran, Oman und viele andere L\u00e4nder und Regionen. Wir f\u00fchlen uns sehr geehrt, von diesen internationalen Kunden anerkannt und ausgew\u00e4hlt zu werden, und ihr Vertrauen ist unsere Motivation, weiterzumachen.<\/p>    <p class=\"wp-block-paragraph\">Wenn Sie Interesse an unserer Holzkohlemaschine haben oder Fragen haben, k\u00f6nnen Sie sich gerne an uns wenden! Wir freuen uns auf die Zusammenarbeit mit Ihnen, um gemeinsam eine bessere Zukunft zu schaffen! Vielen Dank f\u00fcr Ihre Aufmerksamkeit und Unterst\u00fctzung!<\/p>    <h2 class=\"wp-block-heading\"><strong>Feedback von weltweiten Kunden<\/strong><\/h2>    <p class=\"wp-block-paragraph\">Wir legen gro\u00dfen Wert auf die Bewertung und das Feedback unserer Kunden, um unsere Produkte und Dienstleistungen kontinuierlich zu verbessern. In der Vergangenheit wurden wir von vielen Kunden hoch bewertet und anerkannt. Kunden aus der ganzen Welt sch\u00e4tzen unsere Holzkohlemaschine, die sich durch hervorragende Qualit\u00e4t, stabile Leistung und einfache Bedienung auszeichnet und ihre Produktionseffizienz und Produktqualit\u00e4t erheblich verbessert hat.<\/p>    <p class=\"wp-block-paragraph\"><\/p>","protected":false},"excerpt":{"rendered":"<p>We are a professional company dedicated to providing quality services. Over the years, we have specialized in the field of charcoal machinery, providing our customers with all-around solutions and excellent services. Our services cover sales, customization, installation and commissioning of liquid charcoal machines as well as after-sales maintenance. We are oriented to customers&#8217; needs and [&hellip;]<\/p>\n","protected":false},"author":1,"featured_media":0,"parent":0,"menu_order":0,"comment_status":"closed","ping_status":"closed","template":"","meta":{"_crdt_document":"","footnotes":""},"class_list":["post-25","page","type-page","status-publish","hentry"],"_links":{"self":[{"href":"https:\/\/charcoal-machinery.com\/de\/wp-json\/wp\/v2\/pages\/25","targetHints":{"allow":["GET"]}}],"collection":[{"href":"https:\/\/charcoal-machinery.com\/de\/wp-json\/wp\/v2\/pages"}],"about":[{"href":"https:\/\/charcoal-machinery.com\/de\/wp-json\/wp\/v2\/types\/page"}],"author":[{"embeddable":true,"href":"https:\/\/charcoal-machinery.com\/de\/wp-json\/wp\/v2\/users\/1"}],"replies":[{"embeddable":true,"href":"https:\/\/charcoal-machinery.com\/de\/wp-json\/wp\/v2\/comments?post=25"}],"version-history":[{"count":0,"href":"https:\/\/charcoal-machinery.com\/de\/wp-json\/wp\/v2\/pages\/25\/revisions"}],"wp:attachment":[{"href":"https:\/\/charcoal-machinery.com\/de\/wp-json\/wp\/v2\/media?parent=25"}],"curies":[{"name":"wp","href":"https:\/\/api.w.org\/{rel}","templated":true}]}}