{"id":25,"date":"2023-07-12T09:29:13","date_gmt":"2023-07-12T01:29:13","guid":{"rendered":"https:\/\/charcoal-machinery.com\/?page_id=25"},"modified":"2023-07-17T17:50:03","modified_gmt":"2023-07-17T09:50:03","slug":"about-us","status":"publish","type":"page","link":"https:\/\/charcoal-machinery.com\/es\/about-us\/","title":{"rendered":"Sobre nosotros"},"content":{"rendered":"<p class=\"wp-block-paragraph\">Somos una empresa profesional dedicada a brindar servicios de calidad. A lo largo de los a\u00f1os, nos hemos especializado en el campo de la maquinaria para carb\u00f3n, brindando a nuestros clientes soluciones integrales y excelentes servicios. Nuestros servicios abarcan la venta, personalizaci\u00f3n, instalaci\u00f3n y puesta en marcha de m\u00e1quinas de carb\u00f3n l\u00edquido as\u00ed como el mantenimiento postventa. Estamos orientados a las necesidades de los clientes y siempre insistimos en brindar los productos y servicios m\u00e1s satisfactorios a nuestros clientes.<\/p>    <h2 class=\"wp-block-heading\"><strong>Shuliy Machinery: fabricante y proveedor de m\u00e1quinas de carb\u00f3n<\/strong><\/h2>    <p class=\"wp-block-paragraph\">Somos una f\u00e1brica profesional de fabricaci\u00f3n de m\u00e1quinas de carb\u00f3n. Con muchos a\u00f1os de experiencia en la industria y acumulaci\u00f3n de tecnolog\u00eda, estamos comprometidos a investigar, desarrollar y producir m\u00e1quinas para fabricar carb\u00f3n vegetal de alta calidad.<\/p>    <p class=\"wp-block-paragraph\">La f\u00e1brica est\u00e1 equipada con equipos avanzados y el proceso de producci\u00f3n est\u00e1 estrictamente controlado para garantizar una calidad del producto estable y confiable. Nuestros productos se exportan a todo el mundo y se han ganado la confianza y los elogios de los clientes. \u00a1Le invitamos a visitar nuestra f\u00e1brica y esperamos cooperar con usted para crear un futuro brillante!<\/p>    <h2 class=\"wp-block-heading\"><strong>Servicio postventa para maquinaria de carb\u00f3n Shuliy<\/strong><\/h2>    <p class=\"wp-block-paragraph\">Contamos con un equipo t\u00e9cnico profesional y un excelente equipo de servicio postventa. Nuestros t\u00e9cnicos tienen una rica experiencia y conocimientos profesionales y pueden brindar consultas profesionales y soporte t\u00e9cnico a nuestros clientes. Nuestro equipo de servicio posventa est\u00e1 en l\u00ednea las 24 horas del d\u00eda, respondiendo a las necesidades de los clientes a tiempo para garantizar el funcionamiento normal y la producci\u00f3n eficiente del equipo.<\/p>    <h2 class=\"wp-block-heading\"><strong>Huella de los clientes de Shuliy<\/strong><\/h2>    <p class=\"wp-block-paragraph\">Nuestros clientes se encuentran en todo el mundo, incluidos Indonesia, Brasil, EE. UU., Etiop\u00eda, Uganda, Arabia Saudita, Vietnam, Ir\u00e1n, Om\u00e1n y muchos otros pa\u00edses y regiones. Nos sentimos muy honrados de ser reconocidos y elegidos por estos clientes internacionales, y su confianza es nuestra motivaci\u00f3n para seguir adelante.<\/p>    <p class=\"wp-block-paragraph\">Si est\u00e1 interesado en nuestra m\u00e1quina de carb\u00f3n o tiene alguna pregunta, \u00a1no dude en contactarnos! \u00a1Esperamos cooperar con usted para crear juntos un futuro mejor! \u00a1Gracias por su atenci\u00f3n y apoyo!<\/p>    <h2 class=\"wp-block-heading\"><strong>Comentarios de clientes de todo el mundo<\/strong><\/h2>    <p class=\"wp-block-paragraph\">Damos gran importancia a la evaluaci\u00f3n y los comentarios de nuestros clientes para mejorar continuamente nuestros productos y servicios. En el pasado, muchos clientes nos han evaluado y reconocido altamente. Clientes de todo el mundo han apreciado nuestra m\u00e1quina de carb\u00f3n, que es de excelente calidad, rendimiento estable y f\u00e1cil operaci\u00f3n, y ha mejorado enormemente la eficiencia de producci\u00f3n y la calidad del producto.<\/p>    <p class=\"wp-block-paragraph\"><\/p>","protected":false},"excerpt":{"rendered":"<p>We are a professional company dedicated to providing quality services. Over the years, we have specialized in the field of charcoal machinery, providing our customers with all-around solutions and excellent services. Our services cover sales, customization, installation and commissioning of liquid charcoal machines as well as after-sales maintenance. We are oriented to customers&#8217; needs and [&hellip;]<\/p>\n","protected":false},"author":1,"featured_media":0,"parent":0,"menu_order":0,"comment_status":"closed","ping_status":"closed","template":"","meta":{"_crdt_document":"","footnotes":""},"class_list":["post-25","page","type-page","status-publish","hentry"],"_links":{"self":[{"href":"https:\/\/charcoal-machinery.com\/es\/wp-json\/wp\/v2\/pages\/25","targetHints":{"allow":["GET"]}}],"collection":[{"href":"https:\/\/charcoal-machinery.com\/es\/wp-json\/wp\/v2\/pages"}],"about":[{"href":"https:\/\/charcoal-machinery.com\/es\/wp-json\/wp\/v2\/types\/page"}],"author":[{"embeddable":true,"href":"https:\/\/charcoal-machinery.com\/es\/wp-json\/wp\/v2\/users\/1"}],"replies":[{"embeddable":true,"href":"https:\/\/charcoal-machinery.com\/es\/wp-json\/wp\/v2\/comments?post=25"}],"version-history":[{"count":0,"href":"https:\/\/charcoal-machinery.com\/es\/wp-json\/wp\/v2\/pages\/25\/revisions"}],"wp:attachment":[{"href":"https:\/\/charcoal-machinery.com\/es\/wp-json\/wp\/v2\/media?parent=25"}],"curies":[{"name":"wp","href":"https:\/\/api.w.org\/{rel}","templated":true}]}}