{"id":25,"date":"2023-07-12T09:29:13","date_gmt":"2023-07-12T01:29:13","guid":{"rendered":"https:\/\/charcoal-machinery.com\/?page_id=25"},"modified":"2023-07-17T17:50:03","modified_gmt":"2023-07-17T09:50:03","slug":"about-us","status":"publish","type":"page","link":"https:\/\/charcoal-machinery.com\/fr\/about-us\/","title":{"rendered":"\u00c0 propos de nous"},"content":{"rendered":"<p class=\"wp-block-paragraph\">Nous sommes une entreprise professionnelle d\u00e9di\u00e9e \u00e0 fournir des services de qualit\u00e9. Au fil des ann\u00e9es, nous nous sommes sp\u00e9cialis\u00e9s dans le domaine des machines \u00e0 charbon de bois, offrant \u00e0 nos clients des solutions compl\u00e8tes et d'excellents services. Nos services couvrent la vente, la personnalisation, l'installation et la mise en service de machines \u00e0 charbon liquide ainsi que la maintenance apr\u00e8s-vente. Nous sommes orient\u00e9s vers les besoins des clients et insistons toujours pour fournir les produits et services les plus satisfaisants \u00e0 nos clients.<\/p>    <h2 class=\"wp-block-heading\"><strong>Shuliy Machinery : fabricant et fournisseur de machines \u00e0 charbon de bois<\/strong><\/h2>    <p class=\"wp-block-paragraph\">Nous sommes une usine professionnelle de fabrication de machines \u00e0 charbon de bois. Avec de nombreuses ann\u00e9es d\u2019exp\u00e9rience dans l\u2019industrie et d\u2019accumulation de technologies, nous nous engageons \u00e0 rechercher, d\u00e9velopper et produire des \u00e9quipements de machines de fabrication de charbon de bois de haute qualit\u00e9.<\/p>    <p class=\"wp-block-paragraph\">L'usine est \u00e9quip\u00e9e d'\u00e9quipements de pointe et le processus de production est strictement contr\u00f4l\u00e9 pour garantir une qualit\u00e9 de produit stable et fiable. Nos produits sont export\u00e9s partout dans le monde et ont gagn\u00e9 la confiance et les \u00e9loges de nombreux clients. Nous vous invitons \u00e0 visiter notre usine et sommes impatients de coop\u00e9rer avec vous pour cr\u00e9er un avenir radieux\u00a0!<\/p>    <h2 class=\"wp-block-heading\"><strong>Service apr\u00e8s-vente pour les machines \u00e0 charbon Shuliy<\/strong><\/h2>    <p class=\"wp-block-paragraph\">Nous avons une \u00e9quipe technique professionnelle et une excellente \u00e9quipe de service apr\u00e8s-vente. Nos techniciens ont une riche exp\u00e9rience et des connaissances professionnelles et peuvent fournir des conseils professionnels et un support technique \u00e0 nos clients. Notre \u00e9quipe de service apr\u00e8s-vente est en ligne 24 heures sur 24, r\u00e9pondant aux besoins des clients \u00e0 temps pour assurer le fonctionnement normal et la production efficace de l'\u00e9quipement.<\/p>    <h2 class=\"wp-block-heading\"><strong>Empreinte des clients Shuliy<\/strong><\/h2>    <p class=\"wp-block-paragraph\">Nos clients sont partout dans le monde, notamment en Indon\u00e9sie, au Br\u00e9sil, aux \u00c9tats-Unis, en \u00c9thiopie, en Ouganda, en Arabie Saoudite, au Vietnam, en Iran, \u00e0 Oman et dans de nombreux autres pays et r\u00e9gions. Nous sommes tr\u00e8s honor\u00e9s d\u2019\u00eatre reconnus et choisis par ces clients internationaux, et leur confiance est notre motivation pour aller de l\u2019avant.<\/p>    <p class=\"wp-block-paragraph\">Si vous \u00eates int\u00e9ress\u00e9 par notre machine \u00e0 charbon ou si vous avez des questions, n'h\u00e9sitez pas \u00e0 nous contacter ! Nous sommes impatients de coop\u00e9rer avec vous pour cr\u00e9er ensemble un avenir meilleur\u00a0! Merci pour votre attention et votre soutien !<\/p>    <h2 class=\"wp-block-heading\"><strong>Commentaires des clients du monde entier<\/strong><\/h2>    <p class=\"wp-block-paragraph\">Nous attachons une grande importance \u00e0 l'\u00e9valuation et aux commentaires de nos clients afin d'am\u00e9liorer continuellement nos produits et services. Au cours du pass\u00e9, nous avons \u00e9t\u00e9 hautement \u00e9valu\u00e9s et reconnus par de nombreux clients. Des clients du monde entier ont appr\u00e9ci\u00e9 notre machine \u00e0 charbon de bois, qui est d'excellente qualit\u00e9, avec des performances stables et une utilisation facile, et a consid\u00e9rablement am\u00e9lior\u00e9 leur efficacit\u00e9 de production et la qualit\u00e9 de leurs produits.<\/p>    <p class=\"wp-block-paragraph\"><\/p>","protected":false},"excerpt":{"rendered":"<p>We are a professional company dedicated to providing quality services. Over the years, we have specialized in the field of charcoal machinery, providing our customers with all-around solutions and excellent services. Our services cover sales, customization, installation and commissioning of liquid charcoal machines as well as after-sales maintenance. We are oriented to customers&#8217; needs and [&hellip;]<\/p>\n","protected":false},"author":1,"featured_media":0,"parent":0,"menu_order":0,"comment_status":"closed","ping_status":"closed","template":"","meta":{"_crdt_document":"","footnotes":""},"class_list":["post-25","page","type-page","status-publish","hentry"],"_links":{"self":[{"href":"https:\/\/charcoal-machinery.com\/fr\/wp-json\/wp\/v2\/pages\/25","targetHints":{"allow":["GET"]}}],"collection":[{"href":"https:\/\/charcoal-machinery.com\/fr\/wp-json\/wp\/v2\/pages"}],"about":[{"href":"https:\/\/charcoal-machinery.com\/fr\/wp-json\/wp\/v2\/types\/page"}],"author":[{"embeddable":true,"href":"https:\/\/charcoal-machinery.com\/fr\/wp-json\/wp\/v2\/users\/1"}],"replies":[{"embeddable":true,"href":"https:\/\/charcoal-machinery.com\/fr\/wp-json\/wp\/v2\/comments?post=25"}],"version-history":[{"count":0,"href":"https:\/\/charcoal-machinery.com\/fr\/wp-json\/wp\/v2\/pages\/25\/revisions"}],"wp:attachment":[{"href":"https:\/\/charcoal-machinery.com\/fr\/wp-json\/wp\/v2\/media?parent=25"}],"curies":[{"name":"wp","href":"https:\/\/api.w.org\/{rel}","templated":true}]}}