{"id":25,"date":"2023-07-12T09:29:13","date_gmt":"2023-07-12T01:29:13","guid":{"rendered":"https:\/\/charcoal-machinery.com\/?page_id=25"},"modified":"2023-07-17T17:50:03","modified_gmt":"2023-07-17T09:50:03","slug":"about-us","status":"publish","type":"page","link":"https:\/\/charcoal-machinery.com\/it\/about-us\/","title":{"rendered":"Chi siamo"},"content":{"rendered":"<p class=\"wp-block-paragraph\">Siamo un'azienda professionale impegnata a fornire servizi di qualit\u00e0. Nel corso degli anni ci siamo specializzati nel settore delle macchine per il carbone, fornendo ai nostri clienti soluzioni complete e servizi eccellenti. I nostri servizi coprono la vendita, la personalizzazione, l'installazione e la messa in servizio di macchine a carbone liquido, nonch\u00e9 la manutenzione post-vendita. Siamo orientati alle esigenze dei clienti e insistiamo sempre nel fornire ai nostri clienti i prodotti e i servizi pi\u00f9 soddisfacenti.<\/p>    <h2 class=\"wp-block-heading\"><strong>Shuliy Machinery: produttore e fornitore di macchine per carbone<\/strong><\/h2>    <p class=\"wp-block-paragraph\">Siamo una fabbrica professionale di produzione di macchine per carbone. Con molti anni di esperienza nel settore e accumulo di tecnologia, ci impegniamo nella ricerca, nello sviluppo e nella produzione di attrezzature per macchine per la produzione di carbone di alta qualit\u00e0.<\/p>    <p class=\"wp-block-paragraph\">La fabbrica \u00e8 dotata di attrezzature avanzate e il processo di produzione \u00e8 rigorosamente controllato per garantire una qualit\u00e0 del prodotto stabile e affidabile. I nostri prodotti vengono esportati in tutto il mondo e hanno conquistato la fiducia e gli elogi dei clienti. Vi diamo il benvenuto a visitare la nostra fabbrica e non vediamo l'ora di collaborare con voi per creare un futuro luminoso!<\/p>    <h2 class=\"wp-block-heading\"><strong>Servizio post-vendita per le macchine per carbone Shuliy<\/strong><\/h2>    <p class=\"wp-block-paragraph\">Abbiamo un team tecnico professionale e un eccellente team di assistenza post-vendita. I nostri tecnici hanno una ricca esperienza e conoscenza professionale e possono fornire consulenza professionale e supporto tecnico ai nostri clienti. Il nostro team di assistenza post-vendita \u00e8 online 24 ore su 24, rispondendo alle esigenze dei clienti in tempo per garantire il normale funzionamento e la produzione efficiente delle apparecchiature.<\/p>    <h2 class=\"wp-block-heading\"><strong>Impronta dei clienti Shuliy<\/strong><\/h2>    <p class=\"wp-block-paragraph\">I nostri clienti sono in tutto il mondo, tra cui Indonesia, Brasile, Stati Uniti, Etiopia, Uganda, Arabia Saudita, Vietnam, Iran, Oman e molti altri paesi e regioni. Siamo molto onorati di essere riconosciuti e scelti da questi clienti internazionali e la loro fiducia \u00e8 la nostra motivazione per andare avanti.<\/p>    <p class=\"wp-block-paragraph\">Se sei interessato alla nostra macchina per carbone o hai domande, non esitare a contattarci! Non vediamo l'ora di collaborare con voi per creare insieme un futuro migliore! Grazie per la vostra attenzione e supporto!<\/p>    <h2 class=\"wp-block-heading\"><strong>Feedback dai clienti di tutto il mondo<\/strong><\/h2>    <p class=\"wp-block-paragraph\">Attribuiamo grande importanza alla valutazione e al feedback dei nostri clienti al fine di migliorare continuamente i nostri prodotti e servizi. Nel tempo passato, siamo stati altamente valutati e riconosciuti da molti clienti. Clienti da tutto il mondo hanno apprezzato la nostra macchina per carbone, che \u00e8 di eccellente qualit\u00e0, prestazioni stabili e facilit\u00e0 d'uso, e ha notevolmente migliorato l'efficienza produttiva e la qualit\u00e0 del prodotto.<\/p>    <p class=\"wp-block-paragraph\"><\/p>","protected":false},"excerpt":{"rendered":"<p>We are a professional company dedicated to providing quality services. Over the years, we have specialized in the field of charcoal machinery, providing our customers with all-around solutions and excellent services. Our services cover sales, customization, installation and commissioning of liquid charcoal machines as well as after-sales maintenance. We are oriented to customers&#8217; needs and [&hellip;]<\/p>\n","protected":false},"author":1,"featured_media":0,"parent":0,"menu_order":0,"comment_status":"closed","ping_status":"closed","template":"","meta":{"_crdt_document":"","footnotes":""},"class_list":["post-25","page","type-page","status-publish","hentry"],"_links":{"self":[{"href":"https:\/\/charcoal-machinery.com\/it\/wp-json\/wp\/v2\/pages\/25","targetHints":{"allow":["GET"]}}],"collection":[{"href":"https:\/\/charcoal-machinery.com\/it\/wp-json\/wp\/v2\/pages"}],"about":[{"href":"https:\/\/charcoal-machinery.com\/it\/wp-json\/wp\/v2\/types\/page"}],"author":[{"embeddable":true,"href":"https:\/\/charcoal-machinery.com\/it\/wp-json\/wp\/v2\/users\/1"}],"replies":[{"embeddable":true,"href":"https:\/\/charcoal-machinery.com\/it\/wp-json\/wp\/v2\/comments?post=25"}],"version-history":[{"count":0,"href":"https:\/\/charcoal-machinery.com\/it\/wp-json\/wp\/v2\/pages\/25\/revisions"}],"wp:attachment":[{"href":"https:\/\/charcoal-machinery.com\/it\/wp-json\/wp\/v2\/media?parent=25"}],"curies":[{"name":"wp","href":"https:\/\/api.w.org\/{rel}","templated":true}]}}