{"id":25,"date":"2023-07-12T09:29:13","date_gmt":"2023-07-12T01:29:13","guid":{"rendered":"https:\/\/charcoal-machinery.com\/?page_id=25"},"modified":"2023-07-17T17:50:03","modified_gmt":"2023-07-17T09:50:03","slug":"about-us","status":"publish","type":"page","link":"https:\/\/charcoal-machinery.com\/nl\/about-us\/","title":{"rendered":"Over ons"},"content":{"rendered":"<p class=\"wp-block-paragraph\">Wij zijn een professioneel bedrijf dat zich toelegt op het leveren van kwaliteitsdiensten. Door de jaren heen hebben wij ons gespecialiseerd op het gebied van houtskoolmachines en bieden wij onze klanten totaaloplossingen en uitstekende service. Onze diensten omvatten de verkoop, aanpassing, installatie en inbedrijfstelling van machines voor vloeibare houtskool, evenals onderhoud na verkoop. We zijn gericht op de behoeften van klanten en staan \u200b\u200ber altijd op om onze klanten de meest bevredigende producten en diensten te bieden.<\/p>    <h2 class=\"wp-block-heading\"><strong>Shuliy Machinery: fabrikant en leverancier van houtskoolmachines<\/strong><\/h2>    <p class=\"wp-block-paragraph\">Wij zijn een professionele productiefabriek voor houtskoolmachines. Met vele jaren ervaring in de sector en accumulatie van technologie, streven wij ernaar om hoogwaardige machines voor het maken van houtskool te onderzoeken, ontwikkelen en produceren.<\/p>    <p class=\"wp-block-paragraph\">De fabriek is uitgerust met geavanceerde apparatuur en het productieproces wordt strikt gecontroleerd om een \u200b\u200bstabiele en betrouwbare productkwaliteit te garanderen. Onze producten worden over de hele wereld ge\u00ebxporteerd en hebben veel vertrouwen en lof van klanten gewonnen. Wij heten u welkom om onze fabriek te bezoeken en kijken ernaar uit om met u samen te werken om een \u200b\u200bmooie toekomst te cre\u00ebren!<\/p>    <h2 class=\"wp-block-heading\"><strong>After-sales service voor Shuliy-houtskoolmachines<\/strong><\/h2>    <p class=\"wp-block-paragraph\">We hebben een professioneel technisch team en een uitstekend after-sales serviceteam. Onze technici hebben een rijke ervaring en professionele kennis en kunnen onze klanten professioneel advies en technische ondersteuning bieden. Ons after-sales serviceteam is 24 uur per dag online en reageert tijdig op de behoeften van klanten om de normale werking en effici\u00ebnte productie van de apparatuur te garanderen.<\/p>    <h2 class=\"wp-block-heading\"><strong>Voetafdruk van Shuliy-klanten<\/strong><\/h2>    <p class=\"wp-block-paragraph\">Onze klanten bevinden zich over de hele wereld, waaronder Indonesi\u00eb, Brazili\u00eb, de VS, Ethiopi\u00eb, Oeganda, Saoedi-Arabi\u00eb, Vietnam, Iran, Oman en vele andere landen en regio's. We zijn zeer vereerd dat we door deze internationale klanten worden erkend en gekozen, en hun vertrouwen is onze motivatie om vooruit te komen.<\/p>    <p class=\"wp-block-paragraph\">Heeft u interesse in onze houtskoolmachine of heeft u vragen, neem dan gerust contact met ons op! Wij kijken ernaar uit om met u samen te werken om samen een betere toekomst te cre\u00ebren! Bedankt voor uw aandacht en steun!<\/p>    <h2 class=\"wp-block-heading\"><strong>Feedback van klanten over de hele wereld<\/strong><\/h2>    <p class=\"wp-block-paragraph\">Wij hechten veel belang aan de evaluatie en feedback van onze klanten om onze producten en diensten voortdurend te verbeteren. In de afgelopen tijd zijn we door veel klanten zeer gewaardeerd en erkend. Klanten van over de hele wereld hebben onze houtskoolmachine gewaardeerd, die van uitstekende kwaliteit, stabiele prestaties en eenvoudige bediening is, en hun productie-effici\u00ebntie en productkwaliteit aanzienlijk heeft verbeterd.<\/p>    <p class=\"wp-block-paragraph\"><\/p>","protected":false},"excerpt":{"rendered":"<p>We are a professional company dedicated to providing quality services. Over the years, we have specialized in the field of charcoal machinery, providing our customers with all-around solutions and excellent services. Our services cover sales, customization, installation and commissioning of liquid charcoal machines as well as after-sales maintenance. We are oriented to customers&#8217; needs and [&hellip;]<\/p>\n","protected":false},"author":1,"featured_media":0,"parent":0,"menu_order":0,"comment_status":"closed","ping_status":"closed","template":"","meta":{"_crdt_document":"","footnotes":""},"class_list":["post-25","page","type-page","status-publish","hentry"],"_links":{"self":[{"href":"https:\/\/charcoal-machinery.com\/nl\/wp-json\/wp\/v2\/pages\/25","targetHints":{"allow":["GET"]}}],"collection":[{"href":"https:\/\/charcoal-machinery.com\/nl\/wp-json\/wp\/v2\/pages"}],"about":[{"href":"https:\/\/charcoal-machinery.com\/nl\/wp-json\/wp\/v2\/types\/page"}],"author":[{"embeddable":true,"href":"https:\/\/charcoal-machinery.com\/nl\/wp-json\/wp\/v2\/users\/1"}],"replies":[{"embeddable":true,"href":"https:\/\/charcoal-machinery.com\/nl\/wp-json\/wp\/v2\/comments?post=25"}],"version-history":[{"count":0,"href":"https:\/\/charcoal-machinery.com\/nl\/wp-json\/wp\/v2\/pages\/25\/revisions"}],"wp:attachment":[{"href":"https:\/\/charcoal-machinery.com\/nl\/wp-json\/wp\/v2\/media?parent=25"}],"curies":[{"name":"wp","href":"https:\/\/api.w.org\/{rel}","templated":true}]}}