{"id":25,"date":"2023-07-12T09:29:13","date_gmt":"2023-07-12T01:29:13","guid":{"rendered":"https:\/\/charcoal-machinery.com\/?page_id=25"},"modified":"2023-07-17T17:50:03","modified_gmt":"2023-07-17T09:50:03","slug":"about-us","status":"publish","type":"page","link":"https:\/\/charcoal-machinery.com\/pt\/about-us\/","title":{"rendered":"Sobre n\u00f3s"},"content":{"rendered":"<p class=\"wp-block-paragraph\">Somos uma empresa profissional dedicada a fornecer servi\u00e7os de qualidade. Ao longo dos anos, nos especializamos na \u00e1rea de m\u00e1quinas para carv\u00e3o, oferecendo aos nossos clientes solu\u00e7\u00f5es completas e servi\u00e7os de excel\u00eancia. Nossos servi\u00e7os abrangem vendas, customiza\u00e7\u00e3o, instala\u00e7\u00e3o e comissionamento de m\u00e1quinas de carv\u00e3o l\u00edquido, bem como manuten\u00e7\u00e3o p\u00f3s-venda. Estamos orientados para as necessidades dos clientes e sempre insistimos em fornecer os produtos e servi\u00e7os mais satisfat\u00f3rios aos nossos clientes.<\/p>    <h2 class=\"wp-block-heading\"><strong>Shuliy Machinery: fabricante e fornecedor de m\u00e1quina de carv\u00e3o<\/strong><\/h2>    <p class=\"wp-block-paragraph\">Somos uma f\u00e1brica profissional de fabrica\u00e7\u00e3o de m\u00e1quinas de carv\u00e3o. Com muitos anos de experi\u00eancia na ind\u00fastria e ac\u00famulo de tecnologia, estamos comprometidos em pesquisar, desenvolver e produzir equipamentos para m\u00e1quinas de produ\u00e7\u00e3o de carv\u00e3o vegetal de alta qualidade.<\/p>    <p class=\"wp-block-paragraph\">A f\u00e1brica est\u00e1 equipada com equipamentos avan\u00e7ados e o processo de produ\u00e7\u00e3o \u00e9 estritamente controlado para garantir uma qualidade de produto est\u00e1vel e confi\u00e1vel. Nossos produtos s\u00e3o exportados para todo o mundo e conquistaram ampla confian\u00e7a e elogios dos clientes. Convidamos voc\u00ea a visitar nossa f\u00e1brica e esperamos cooperar com voc\u00ea para criar um futuro brilhante!<\/p>    <h2 class=\"wp-block-heading\"><strong>Servi\u00e7o p\u00f3s-venda para m\u00e1quinas de carv\u00e3o Shuliy<\/strong><\/h2>    <p class=\"wp-block-paragraph\">Contamos com uma equipe t\u00e9cnica profissional e uma excelente equipe de atendimento p\u00f3s-venda. Nossos t\u00e9cnicos t\u00eam vasta experi\u00eancia e conhecimento profissional e podem fornecer consultoria profissional e suporte t\u00e9cnico aos nossos clientes. Nossa equipe de servi\u00e7o p\u00f3s-venda est\u00e1 online 24 horas por dia, respondendo \u00e0s necessidades dos clientes a tempo de garantir o funcionamento normal e a produ\u00e7\u00e3o eficiente do equipamento.<\/p>    <h2 class=\"wp-block-heading\"><strong>Pegada dos clientes Shuliy<\/strong><\/h2>    <p class=\"wp-block-paragraph\">Nossos clientes est\u00e3o em todo o mundo, incluindo Indon\u00e9sia, Brasil, EUA, Eti\u00f3pia, Uganda, Ar\u00e1bia Saudita, Vietn\u00e3, Ir\u00e3, Om\u00e3 e muitos outros pa\u00edses e regi\u00f5es. Estamos muito honrados por sermos reconhecidos e escolhidos por estes clientes internacionais, e a sua confian\u00e7a \u00e9 a nossa motiva\u00e7\u00e3o para seguir em frente.<\/p>    <p class=\"wp-block-paragraph\">Se voc\u00ea estiver interessado em nossa m\u00e1quina de carv\u00e3o ou tiver alguma d\u00favida, n\u00e3o hesite em nos contatar! Estamos ansiosos para cooperar com voc\u00ea para criarmos um futuro melhor juntos! Obrigado pela sua aten\u00e7\u00e3o e apoio!<\/p>    <h2 class=\"wp-block-heading\"><strong>Feedback de clientes em todo o mundo<\/strong><\/h2>    <p class=\"wp-block-paragraph\">Atribu\u00edmos grande import\u00e2ncia \u00e0 avalia\u00e7\u00e3o e feedback dos nossos clientes, a fim de melhorar continuamente os nossos produtos e servi\u00e7os. No passado, fomos altamente avaliados e reconhecidos por muitos clientes. Clientes de todo o mundo apreciaram a nossa m\u00e1quina de carv\u00e3o, que \u00e9 de excelente qualidade, desempenho est\u00e1vel e f\u00e1cil opera\u00e7\u00e3o, e melhorou muito a efici\u00eancia da produ\u00e7\u00e3o e a qualidade do produto.<\/p>    <p class=\"wp-block-paragraph\"><\/p>","protected":false},"excerpt":{"rendered":"<p>We are a professional company dedicated to providing quality services. Over the years, we have specialized in the field of charcoal machinery, providing our customers with all-around solutions and excellent services. Our services cover sales, customization, installation and commissioning of liquid charcoal machines as well as after-sales maintenance. We are oriented to customers&#8217; needs and [&hellip;]<\/p>\n","protected":false},"author":1,"featured_media":0,"parent":0,"menu_order":0,"comment_status":"closed","ping_status":"closed","template":"","meta":{"_crdt_document":"","footnotes":""},"class_list":["post-25","page","type-page","status-publish","hentry"],"_links":{"self":[{"href":"https:\/\/charcoal-machinery.com\/pt\/wp-json\/wp\/v2\/pages\/25","targetHints":{"allow":["GET"]}}],"collection":[{"href":"https:\/\/charcoal-machinery.com\/pt\/wp-json\/wp\/v2\/pages"}],"about":[{"href":"https:\/\/charcoal-machinery.com\/pt\/wp-json\/wp\/v2\/types\/page"}],"author":[{"embeddable":true,"href":"https:\/\/charcoal-machinery.com\/pt\/wp-json\/wp\/v2\/users\/1"}],"replies":[{"embeddable":true,"href":"https:\/\/charcoal-machinery.com\/pt\/wp-json\/wp\/v2\/comments?post=25"}],"version-history":[{"count":0,"href":"https:\/\/charcoal-machinery.com\/pt\/wp-json\/wp\/v2\/pages\/25\/revisions"}],"wp:attachment":[{"href":"https:\/\/charcoal-machinery.com\/pt\/wp-json\/wp\/v2\/media?parent=25"}],"curies":[{"name":"wp","href":"https:\/\/api.w.org\/{rel}","templated":true}]}}