{"id":25,"date":"2023-07-12T09:29:13","date_gmt":"2023-07-12T01:29:13","guid":{"rendered":"https:\/\/charcoal-machinery.com\/?page_id=25"},"modified":"2023-07-17T17:50:03","modified_gmt":"2023-07-17T09:50:03","slug":"about-us","status":"publish","type":"page","link":"https:\/\/charcoal-machinery.com\/tr\/about-us\/","title":{"rendered":"Hakk\u0131m\u0131zda"},"content":{"rendered":"<p class=\"wp-block-paragraph\">Biz kaliteli hizmet sunmaya kendini adam\u0131\u015f profesyonel bir \u015firketiz. Y\u0131llar ge\u00e7tik\u00e7e k\u00f6m\u00fcr makineleri alan\u0131nda uzmanla\u015ft\u0131k ve m\u00fc\u015fterilerimize \u00e7ok y\u00f6nl\u00fc \u00e7\u00f6z\u00fcmler ve m\u00fckemmel hizmetler sunduk. Hizmetlerimiz s\u0131v\u0131 k\u00f6m\u00fcr makinelerinin sat\u0131\u015f\u0131n\u0131, \u00f6zelle\u015ftirilmesini, kurulumunu ve devreye al\u0131nmas\u0131n\u0131n yan\u0131 s\u0131ra sat\u0131\u015f sonras\u0131 bak\u0131m\u0131 da kapsamaktad\u0131r. M\u00fc\u015fterilerin ihtiya\u00e7lar\u0131na odaklan\u0131yoruz ve m\u00fc\u015fterilerimize her zaman en tatmin edici \u00fcr\u00fcn ve hizmetleri sunmakta \u0131srar ediyoruz.<\/p>    <h2 class=\"wp-block-heading\"><strong>Shuliy Machinery: k\u00f6m\u00fcr makinesi \u00fcreticisi ve tedarik\u00e7isi<\/strong><\/h2>    <p class=\"wp-block-paragraph\">Biz profesyonel bir k\u00f6m\u00fcr makinesi imalat fabrikas\u0131y\u0131z. Uzun y\u0131llara dayanan end\u00fcstri deneyimi ve teknoloji birikimiyle, y\u00fcksek kaliteli k\u00f6m\u00fcr yapma makinesi ekipmanlar\u0131n\u0131 ara\u015ft\u0131rmaya, geli\u015ftirmeye ve \u00fcretmeye kendimizi adad\u0131k.<\/p>    <p class=\"wp-block-paragraph\">Fabrika geli\u015fmi\u015f ekipmanlarla donat\u0131lm\u0131\u015ft\u0131r ve istikrarl\u0131 ve g\u00fcvenilir \u00fcr\u00fcn kalitesini sa\u011flamak i\u00e7in \u00fcretim s\u00fcreci s\u0131k\u0131 bir \u015fekilde kontrol edilmektedir. \u00dcr\u00fcnlerimiz t\u00fcm d\u00fcnyaya ihra\u00e7 edilmektedir ve geni\u015f m\u00fc\u015fteri g\u00fcveni ve \u00f6vg\u00fcs\u00fc kazanm\u0131\u015ft\u0131r. Fabrikam\u0131z\u0131 ziyaret etmenizi bekliyoruz ve parlak bir gelecek yaratmak i\u00e7in sizinle i\u015fbirli\u011fi yapmay\u0131 d\u00f6rt g\u00f6zle bekliyoruz!<\/p>    <h2 class=\"wp-block-heading\"><strong>Shuliy k\u00f6m\u00fcr makineleri i\u00e7in sat\u0131\u015f sonras\u0131 servis<\/strong><\/h2>    <p class=\"wp-block-paragraph\">Profesyonel bir teknik ekibimiz ve m\u00fckemmel bir sat\u0131\u015f sonras\u0131 servis ekibimiz var. Teknisyenlerimiz zengin deneyime ve mesleki bilgiye sahiptir ve m\u00fc\u015fterilerimize profesyonel dan\u0131\u015fmanl\u0131k ve teknik destek sa\u011flayabilirler. Sat\u0131\u015f sonras\u0131 hizmet ekibimiz g\u00fcn\u00fcn her saati \u00e7evrimi\u00e7i olup, ekipman\u0131n normal \u00e7al\u0131\u015fmas\u0131n\u0131 ve verimli \u00fcretimini sa\u011flamak i\u00e7in m\u00fc\u015fterilerin ihtiya\u00e7lar\u0131na zaman\u0131nda yan\u0131t verir.<\/p>    <h2 class=\"wp-block-heading\"><strong>Shuliy m\u00fc\u015fterilerinin ayak izi<\/strong><\/h2>    <p class=\"wp-block-paragraph\">M\u00fc\u015fterilerimiz Endonezya, Brezilya, ABD, Etiyopya, Uganda, Suudi Arabistan, Vietnam, \u0130ran, Umman ve di\u011fer bir\u00e7ok \u00fclke ve b\u00f6lge dahil olmak \u00fczere d\u00fcnyan\u0131n her yerindedir. Bu uluslararas\u0131 m\u00fc\u015fterilerimiz taraf\u0131ndan tan\u0131nmaktan ve se\u00e7ilmekten b\u00fcy\u00fck onur duyuyoruz ve onlar\u0131n g\u00fcveni, ilerlememiz i\u00e7in motivasyonumuzdur.<\/p>    <p class=\"wp-block-paragraph\">K\u00f6m\u00fcr makinemizle ilgileniyorsan\u0131z veya herhangi bir sorunuz varsa, l\u00fctfen bizimle ileti\u015fime ge\u00e7mekten \u00e7ekinmeyin! Birlikte daha iyi bir gelecek yaratmak i\u00e7in sizinle i\u015fbirli\u011fi yapmay\u0131 d\u00f6rt g\u00f6zle bekliyoruz! \u0130lginiz ve deste\u011finiz i\u00e7in te\u015fekk\u00fcr ederiz!<\/p>    <h2 class=\"wp-block-heading\"><strong>D\u00fcnya \u00e7ap\u0131ndaki m\u00fc\u015fterilerden geri bildirim<\/strong><\/h2>    <p class=\"wp-block-paragraph\">\u00dcr\u00fcn ve hizmetlerimizi s\u00fcrekli geli\u015ftirmek i\u00e7in m\u00fc\u015fterilerimizin de\u011ferlendirme ve geri bildirimlerine b\u00fcy\u00fck \u00f6nem veriyoruz. Ge\u00e7mi\u015fte bir\u00e7ok m\u00fc\u015fteri taraf\u0131ndan y\u00fcksek oranda de\u011ferlendirildik ve tan\u0131nd\u0131k. D\u00fcnyan\u0131n her yerinden m\u00fc\u015fteriler, m\u00fckemmel kaliteye, istikrarl\u0131 performansa ve kolay kullan\u0131ma sahip k\u00f6m\u00fcr makinemizi takdir etti ve \u00fcretim verimliliklerini ve \u00fcr\u00fcn kalitesini b\u00fcy\u00fck \u00f6l\u00e7\u00fcde geli\u015ftirdi.<\/p>    <p class=\"wp-block-paragraph\"><\/p>","protected":false},"excerpt":{"rendered":"<p>We are a professional company dedicated to providing quality services. Over the years, we have specialized in the field of charcoal machinery, providing our customers with all-around solutions and excellent services. Our services cover sales, customization, installation and commissioning of liquid charcoal machines as well as after-sales maintenance. We are oriented to customers&#8217; needs and [&hellip;]<\/p>\n","protected":false},"author":1,"featured_media":0,"parent":0,"menu_order":0,"comment_status":"closed","ping_status":"closed","template":"","meta":{"_crdt_document":"","footnotes":""},"class_list":["post-25","page","type-page","status-publish","hentry"],"_links":{"self":[{"href":"https:\/\/charcoal-machinery.com\/tr\/wp-json\/wp\/v2\/pages\/25","targetHints":{"allow":["GET"]}}],"collection":[{"href":"https:\/\/charcoal-machinery.com\/tr\/wp-json\/wp\/v2\/pages"}],"about":[{"href":"https:\/\/charcoal-machinery.com\/tr\/wp-json\/wp\/v2\/types\/page"}],"author":[{"embeddable":true,"href":"https:\/\/charcoal-machinery.com\/tr\/wp-json\/wp\/v2\/users\/1"}],"replies":[{"embeddable":true,"href":"https:\/\/charcoal-machinery.com\/tr\/wp-json\/wp\/v2\/comments?post=25"}],"version-history":[{"count":0,"href":"https:\/\/charcoal-machinery.com\/tr\/wp-json\/wp\/v2\/pages\/25\/revisions"}],"wp:attachment":[{"href":"https:\/\/charcoal-machinery.com\/tr\/wp-json\/wp\/v2\/media?parent=25"}],"curies":[{"name":"wp","href":"https:\/\/api.w.org\/{rel}","templated":true}]}}