{"id":25,"date":"2023-07-12T09:29:13","date_gmt":"2023-07-12T01:29:13","guid":{"rendered":"https:\/\/charcoal-machinery.com\/?page_id=25"},"modified":"2023-07-17T17:50:03","modified_gmt":"2023-07-17T09:50:03","slug":"about-us","status":"publish","type":"page","link":"https:\/\/charcoal-machinery.com\/vi\/about-us\/","title":{"rendered":"V\u1ec1 ch\u00fang t\u00f4i"},"content":{"rendered":"<p class=\"wp-block-paragraph\">Ch\u00fang t\u00f4i l\u00e0 m\u1ed9t c\u00f4ng ty chuy\u00ean nghi\u1ec7p chuy\u00ean cung c\u1ea5p c\u00e1c d\u1ecbch v\u1ee5 ch\u1ea5t l\u01b0\u1ee3ng. Trong nh\u1eefng n\u0103m qua, ch\u00fang t\u00f4i chuy\u00ean v\u1ec1 l\u0129nh v\u1ef1c m\u00e1y m\u00f3c than c\u1ee7i, cung c\u1ea5p cho kh\u00e1ch h\u00e0ng c\u00e1c gi\u1ea3i ph\u00e1p to\u00e0n di\u1ec7n v\u00e0 d\u1ecbch v\u1ee5 xu\u1ea5t s\u1eafc. C\u00e1c d\u1ecbch v\u1ee5 c\u1ee7a ch\u00fang t\u00f4i bao g\u1ed3m b\u00e1n h\u00e0ng, t\u00f9y ch\u1ec9nh, l\u1eafp \u0111\u1eb7t v\u00e0 v\u1eadn h\u00e0nh m\u00e1y than l\u1ecfng c\u0169ng nh\u01b0 b\u1ea3o tr\u00ec sau b\u00e1n h\u00e0ng. Ch\u00fang t\u00f4i h\u01b0\u1edbng \u0111\u1ebfn nhu c\u1ea7u c\u1ee7a kh\u00e1ch h\u00e0ng v\u00e0 lu\u00f4n n\u1ed7 l\u1ef1c cung c\u1ea5p nh\u1eefng s\u1ea3n ph\u1ea9m v\u00e0 d\u1ecbch v\u1ee5 h\u00e0i l\u00f2ng nh\u1ea5t cho kh\u00e1ch h\u00e0ng.<\/p>    <h2 class=\"wp-block-heading\"><strong>Shuliy Machinery: nh\u00e0 s\u1ea3n xu\u1ea5t v\u00e0 cung c\u1ea5p m\u00e1y than<\/strong><\/h2>    <p class=\"wp-block-paragraph\">Ch\u00fang t\u00f4i l\u00e0 m\u1ed9t nh\u00e0 m\u00e1y s\u1ea3n xu\u1ea5t m\u00e1y than chuy\u00ean nghi\u1ec7p. V\u1edbi kinh nghi\u1ec7m nhi\u1ec1u n\u0103m trong ng\u00e0nh v\u00e0 t\u00edch l\u0169y c\u00f4ng ngh\u1ec7, ch\u00fang t\u00f4i cam k\u1ebft nghi\u00ean c\u1ee9u, ph\u00e1t tri\u1ec3n v\u00e0 s\u1ea3n xu\u1ea5t thi\u1ebft b\u1ecb m\u00e1y l\u00e0m than c\u1ee7i ch\u1ea5t l\u01b0\u1ee3ng cao.<\/p>    <p class=\"wp-block-paragraph\">Nh\u00e0 m\u00e1y \u0111\u01b0\u1ee3c trang b\u1ecb thi\u1ebft b\u1ecb ti\u00ean ti\u1ebfn v\u00e0 quy tr\u00ecnh s\u1ea3n xu\u1ea5t \u0111\u01b0\u1ee3c ki\u1ec3m so\u00e1t ch\u1eb7t ch\u1ebd \u0111\u1ec3 \u0111\u1ea3m b\u1ea3o ch\u1ea5t l\u01b0\u1ee3ng s\u1ea3n ph\u1ea9m \u1ed5n \u0111\u1ecbnh v\u00e0 \u0111\u00e1ng tin c\u1eady. S\u1ea3n ph\u1ea9m c\u1ee7a ch\u00fang t\u00f4i \u0111\u01b0\u1ee3c xu\u1ea5t kh\u1ea9u tr\u00ean to\u00e0n th\u1ebf gi\u1edbi v\u00e0 \u0111\u00e3 gi\u00e0nh \u0111\u01b0\u1ee3c s\u1ef1 tin t\u01b0\u1edfng v\u00e0 khen ng\u1ee3i c\u1ee7a kh\u00e1ch h\u00e0ng. Ch\u00fang t\u00f4i ch\u00e0o \u0111\u00f3n b\u1ea1n \u0111\u1ebfn th\u0103m nh\u00e0 m\u00e1y c\u1ee7a ch\u00fang t\u00f4i v\u00e0 mong mu\u1ed1n \u0111\u01b0\u1ee3c h\u1ee3p t\u00e1c v\u1edbi b\u1ea1n \u0111\u1ec3 t\u1ea1o ra m\u1ed9t t\u01b0\u01a1ng lai t\u01b0\u01a1i s\u00e1ng!<\/p>    <h2 class=\"wp-block-heading\"><strong>D\u1ecbch v\u1ee5 h\u1eadu m\u00e3i cho m\u00e1y m\u00f3c than Shuliy<\/strong><\/h2>    <p class=\"wp-block-paragraph\">Ch\u00fang t\u00f4i c\u00f3 \u0111\u1ed9i ng\u0169 k\u1ef9 thu\u1eadt chuy\u00ean nghi\u1ec7p v\u00e0 \u0111\u1ed9i ng\u0169 d\u1ecbch v\u1ee5 h\u1eadu m\u00e3i xu\u1ea5t s\u1eafc. K\u1ef9 thu\u1eadt vi\u00ean c\u1ee7a ch\u00fang t\u00f4i c\u00f3 kinh nghi\u1ec7m phong ph\u00fa v\u00e0 ki\u1ebfn \u200b\u200bth\u1ee9c chuy\u00ean m\u00f4n v\u00e0 c\u00f3 th\u1ec3 cung c\u1ea5p t\u01b0 v\u1ea5n chuy\u00ean nghi\u1ec7p v\u00e0 h\u1ed7 tr\u1ee3 k\u1ef9 thu\u1eadt cho kh\u00e1ch h\u00e0ng c\u1ee7a ch\u00fang t\u00f4i. \u0110\u1ed9i ng\u0169 d\u1ecbch v\u1ee5 sau b\u00e1n h\u00e0ng c\u1ee7a ch\u00fang t\u00f4i tr\u1ef1c tuy\u1ebfn su\u1ed1t ng\u00e0y \u0111\u00eam, \u0111\u00e1p \u1ee9ng k\u1ecbp th\u1eddi nhu c\u1ea7u c\u1ee7a kh\u00e1ch h\u00e0ng \u0111\u1ec3 \u0111\u1ea3m b\u1ea3o thi\u1ebft b\u1ecb ho\u1ea1t \u0111\u1ed9ng b\u00ecnh th\u01b0\u1eddng v\u00e0 s\u1ea3n xu\u1ea5t hi\u1ec7u qu\u1ea3.<\/p>    <h2 class=\"wp-block-heading\"><strong>D\u1ea5u ch\u00e2n kh\u00e1ch h\u00e0ng Shuliy<\/strong><\/h2>    <p class=\"wp-block-paragraph\">Kh\u00e1ch h\u00e0ng c\u1ee7a ch\u00fang t\u00f4i \u1edf kh\u1eafp n\u01a1i tr\u00ean th\u1ebf gi\u1edbi, bao g\u1ed3m Indonesia, Brazil, M\u1ef9, Ethiopia, Uganda, \u1ea2 R\u1eadp Saudi, Vi\u1ec7t Nam, Iran, Oman v\u00e0 nhi\u1ec1u qu\u1ed1c gia v\u00e0 khu v\u1ef1c kh\u00e1c. Ch\u00fang t\u00f4i r\u1ea5t vinh d\u1ef1 khi \u0111\u01b0\u1ee3c nh\u1eefng kh\u00e1ch h\u00e0ng qu\u1ed1c t\u1ebf n\u00e0y c\u00f4ng nh\u1eadn v\u00e0 l\u1ef1a ch\u1ecdn, v\u00e0 s\u1ef1 tin t\u01b0\u1edfng c\u1ee7a h\u1ecd l\u00e0 \u0111\u1ed9ng l\u1ef1c \u0111\u1ec3 ch\u00fang t\u00f4i ti\u1ebfn v\u1ec1 ph\u00eda tr\u01b0\u1edbc.<\/p>    <p class=\"wp-block-paragraph\">N\u1ebfu b\u1ea1n quan t\u00e2m \u0111\u1ebfn m\u00e1y than c\u1ee7a ch\u00fang t\u00f4i ho\u1eb7c c\u00f3 b\u1ea5t k\u1ef3 c\u00e2u h\u1ecfi n\u00e0o, xin vui l\u00f2ng li\u00ean h\u1ec7 v\u1edbi ch\u00fang t\u00f4i! Ch\u00fang t\u00f4i r\u1ea5t mong \u0111\u01b0\u1ee3c h\u1ee3p t\u00e1c v\u1edbi b\u1ea1n \u0111\u1ec3 c\u00f9ng nhau t\u1ea1o ra m\u1ed9t t\u01b0\u01a1ng lai t\u1ed1t \u0111\u1eb9p h\u01a1n! C\u1ea3m \u01a1n s\u1ef1 quan t\u00e2m v\u00e0 h\u1ed7 tr\u1ee3 c\u1ee7a b\u1ea1n!<\/p>    <h2 class=\"wp-block-heading\"><strong>Ph\u1ea3n h\u1ed3i t\u1eeb kh\u00e1ch h\u00e0ng tr\u00ean to\u00e0n th\u1ebf gi\u1edbi<\/strong><\/h2>    <p class=\"wp-block-paragraph\">Ch\u00fang t\u00f4i r\u1ea5t coi tr\u1ecdng vi\u1ec7c \u0111\u00e1nh gi\u00e1 v\u00e0 ph\u1ea3n h\u1ed3i t\u1eeb kh\u00e1ch h\u00e0ng \u0111\u1ec3 kh\u00f4ng ng\u1eebng c\u1ea3i ti\u1ebfn s\u1ea3n ph\u1ea9m v\u00e0 d\u1ecbch v\u1ee5 c\u1ee7a m\u00ecnh. Trong th\u1eddi gian qua ch\u00fang t\u00f4i \u0111\u00e3 \u0111\u01b0\u1ee3c nhi\u1ec1u kh\u00e1ch h\u00e0ng \u0111\u00e1nh gi\u00e1 cao v\u00e0 ghi nh\u1eadn. Kh\u00e1ch h\u00e0ng t\u1eeb kh\u1eafp n\u01a1i tr\u00ean th\u1ebf gi\u1edbi \u0111\u00e3 \u0111\u00e1nh gi\u00e1 cao m\u00e1y than c\u1ee7a ch\u00fang t\u00f4i, c\u00f3 ch\u1ea5t l\u01b0\u1ee3ng tuy\u1ec7t v\u1eddi, hi\u1ec7u su\u1ea5t \u1ed5n \u0111\u1ecbnh v\u00e0 v\u1eadn h\u00e0nh d\u1ec5 d\u00e0ng, \u0111\u1ed3ng th\u1eddi \u0111\u00e3 c\u1ea3i thi\u1ec7n \u0111\u00e1ng k\u1ec3 hi\u1ec7u qu\u1ea3 s\u1ea3n xu\u1ea5t v\u00e0 ch\u1ea5t l\u01b0\u1ee3ng s\u1ea3n ph\u1ea9m.<\/p>    <p class=\"wp-block-paragraph\"><\/p>","protected":false},"excerpt":{"rendered":"<p>We are a professional company dedicated to providing quality services. Over the years, we have specialized in the field of charcoal machinery, providing our customers with all-around solutions and excellent services. Our services cover sales, customization, installation and commissioning of liquid charcoal machines as well as after-sales maintenance. We are oriented to customers&#8217; needs and [&hellip;]<\/p>\n","protected":false},"author":1,"featured_media":0,"parent":0,"menu_order":0,"comment_status":"closed","ping_status":"closed","template":"","meta":{"_crdt_document":"","footnotes":""},"class_list":["post-25","page","type-page","status-publish","hentry"],"_links":{"self":[{"href":"https:\/\/charcoal-machinery.com\/vi\/wp-json\/wp\/v2\/pages\/25","targetHints":{"allow":["GET"]}}],"collection":[{"href":"https:\/\/charcoal-machinery.com\/vi\/wp-json\/wp\/v2\/pages"}],"about":[{"href":"https:\/\/charcoal-machinery.com\/vi\/wp-json\/wp\/v2\/types\/page"}],"author":[{"embeddable":true,"href":"https:\/\/charcoal-machinery.com\/vi\/wp-json\/wp\/v2\/users\/1"}],"replies":[{"embeddable":true,"href":"https:\/\/charcoal-machinery.com\/vi\/wp-json\/wp\/v2\/comments?post=25"}],"version-history":[{"count":0,"href":"https:\/\/charcoal-machinery.com\/vi\/wp-json\/wp\/v2\/pages\/25\/revisions"}],"wp:attachment":[{"href":"https:\/\/charcoal-machinery.com\/vi\/wp-json\/wp\/v2\/media?parent=25"}],"curies":[{"name":"wp","href":"https:\/\/api.w.org\/{rel}","templated":true}]}}